{"id":26614,"date":"2021-08-24T18:21:15","date_gmt":"2021-08-24T18:21:15","guid":{"rendered":"https:\/\/b2b.airtec-energie.ch\/inscription\/"},"modified":"2022-07-20T12:42:05","modified_gmt":"2022-07-20T12:42:05","slug":"inscription","status":"publish","type":"page","link":"https:\/\/b2b.airtec-energie.ch\/fr\/inscription\/","title":{"rendered":"Inscription"},"content":{"rendered":"<p><div class=\"language-switcher\"><div class=\"language-switcher_icon\"><\/div><div class=\"language-switcher_dropdown\">\n<div role=\"navigation\" aria-label=\"S\u00e9lecteur de langue\" class=\"wpml-ls-statics-footer wpml-ls wpml-ls-legacy-list-horizontal\">\n\t<ul><li class=\"wpml-ls-slot-footer wpml-ls-item wpml-ls-item-de wpml-ls-first-item wpml-ls-item-legacy-list-horizontal\">\n\t\t\t\t<a href=\"https:\/\/b2b.airtec-energie.ch\/de\/\" hreflang=\"de\" lang=\"de\" class=\"wpml-ls-link\" aria-label=\"Passer \u00e0 Deutsch\" title=\"Passer \u00e0 Deutsch\">\n\t\t\t\t\t                                    <img decoding=\"async\"\n            class=\"wpml-ls-flag\"\n            src=\"https:\/\/b2b.airtec-energie.ch\/wp-content\/uploads\/flags\/switcher-icon-de.svg\"\n            alt=\"\"\n            loading=\"lazy\"\n            width=18\n            height=12\n    \/><span class=\"wpml-ls-native\">Deutsch<\/span><\/a>\n\t\t\t<\/li><li class=\"wpml-ls-slot-footer wpml-ls-item wpml-ls-item-en wpml-ls-last-item wpml-ls-item-legacy-list-horizontal\">\n\t\t\t\t<a href=\"https:\/\/b2b.airtec-energie.ch\/\" hreflang=\"en\" lang=\"en\" class=\"wpml-ls-link\" aria-label=\"Passer \u00e0 English\" title=\"Passer \u00e0 English\">\n\t\t\t\t\t                                    <img decoding=\"async\"\n            class=\"wpml-ls-flag\"\n            src=\"https:\/\/b2b.airtec-energie.ch\/wp-content\/uploads\/flags\/switcher-icon-en.svg\"\n            alt=\"\"\n            loading=\"lazy\"\n            width=18\n            height=12\n    \/><span class=\"wpml-ls-native\">English<\/span><\/a>\n\t\t\t<\/li><\/ul>\n<\/div>\n<\/div><\/div><form id=\"registration\" class=\"registration-form\" action=\"#\" method=\"post\">\n    <h1>S'inscrire en tant que client professionnel<\/h1>\n    <p class=\"registration-form_subtitle\">\n        Avec un compte client professionnel, vous b\u00e9n\u00e9ficiez de conditions exclusives, vous pouvez payer par facture et b\u00e9n\u00e9ficier d'un support B2B premium.    <\/p>\n    <div class=\"fields-box\">\n        <div class=\"fields-box_title\">Coordonn\u00e9es de l'entreprise<\/div>\n        <div class=\"field-form\">\n            <label for=\"reg_company_name\">Nom de l'entreprise<\/label>\n            <input id=\"reg_company_name\" type=\"text\" required name=\"reg_company_name\">\n        <\/div>\n        <div class=\"field-form\">\n            <label for=\"reg_legal_form\">Forme juridique<\/label>\n            <select id=\"reg_legal_form\" class=\"\" name=\"reg_legal_form\" data-ui=\"0\" data-ajax=\"0\" data-multiple=\"0\" data-placeholder=\"Select\" data-allow_null=\"0\">\n                <option value=\"Corporation\">Soci\u00e9t\u00e9 anonyme (SA)<\/option>\n                <option value=\"Limited Liability Company\">\n                    Soci\u00e9t\u00e9 \u00e0 responsabilit\u00e9 limit\u00e9e (S\u00e0rl)<\/option>\n                <option value=\"Sole proprietorship\">Entreprise individuelle                <\/option>\n                <option value=\"The general partnership\">\n                    Soci\u00e9t\u00e9 en nom collectif<\/option>\n                <option value=\"The limited partnership\">\n                    Soci\u00e9t\u00e9 en commandite<\/option>\n                <option value=\"Cooperative\">Coop\u00e9rative<\/option>\n                <option value=\"Public Institution\">Institution publique                <\/option>\n                <option value=\"Foundation\">Fondation<\/option>\n                <option value=\"Association\">Association<\/option>\n            <\/select>\n        <\/div>\n        <div class=\"field-form\">\n            <label for=\"reg_company_country\">Pays<\/label>\n            <select id=\"reg_company_country\" class=\"\" name=\"reg_company_country\" required data-ui=\"0\" data-ajax=\"0\" data-multiple=\"0\" data-placeholder=\"Select\" data-allow_null=\"0\">\n                <option value=\"CH\">Suisse<\/option>\n                <option value=\"DE\">Allemagne<\/option>\n                <option value=\"AT\">Autriche<\/option>\n                <option value=\"LI\">Liechtenstein<\/option>\n                <option value=\"FR\">France<\/option>\n                <option value=\"IT\">Italie<\/option>\n            <\/select>\n        <\/div>\n        <div class=\"field-form\">\n            <label for=\"reg_company_street\">Nom et num\u00e9ro de rue<\/label>\n            <input id=\"reg_company_street\" type=\"text\" required name=\"reg_company_street\">\n        <\/div>\n        <div class=\"fields-form\">\n            <div class=\"field-form\">\n                <label for=\"reg_company_postcode\">Code postal<\/label>\n                <input id=\"reg_company_postcode\" type=\"text\" required name=\"reg_company_postcode\">\n            <\/div>\n            <div class=\"field-form\">\n                <label for=\"reg_company_location\">Lieu<\/label>\n                <input id=\"reg_company_location\" type=\"text\" required name=\"reg_company_location\">\n            <\/div>\n        <\/div>\n                    <div class=\"field-form\">\n                <label for=\"reg_language\">Langue<\/label>\n                <select id=\"reg_language\" class=\"\" name=\"reg_language\" data-ui=\"0\" data-ajax=\"0\" data-multiple=\"0\" data-placeholder=\"Select\" data-allow_null=\"0\">\n                                            <option value=\"fr_FR\"  selected='selected'>Fran\u00e7ais                        <\/option>\n                                            <option value=\"en_US\" >English                        <\/option>\n                                            <option value=\"de_DE\" >Deutsch                        <\/option>\n                                    <\/select>\n            <\/div>\n                <div class=\"field-form\">\n            <label for=\"reg_branch\">Secteur d'activit\u00e9<\/label>\n            <select id=\"reg_branch\" class=\"\" name=\"reg_branch\" data-ui=\"0\" data-ajax=\"0\" data-multiple=\"0\" data-placeholder=\"Select\" data-allow_null=\"0\">\n                <option value=\"HVAC\">Chauffage - ventilation - climatisation<\/option>\n                <option value=\"Timber Construction\">Construction en bois                <\/option>\n                <option value=\"Furnace Construction\">Construction de fours                <\/option>\n                <option value=\"Kitchen Construction\">Construction de cuisines                <\/option>\n                <option value=\"Architecture \/ Planning Office\">\n                    Bureau d'Architecture \/ Planification<\/option>\n                <option value=\"General contractor\">Entreprise g\u00e9n\u00e9rale                <\/option>\n                <option value=\"Other\">Autre<\/option>\n            <\/select>\n        <\/div>\n        <div class=\"field-form\">\n            <label for=\"reg_employees\">Nombre d'employ\u00e9s<\/label>\n            <select id=\"reg_employees\" class=\"\" name=\"reg_employees\" data-ui=\"0\" data-ajax=\"0\" data-multiple=\"0\" data-placeholder=\"Select\" data-allow_null=\"0\">\n                <option value=\"1 to 9\">1 \u00e0 9<\/option>\n                <option value=\"10 to 29\">10 \u00e0 29<\/option>\n                <option value=\"30 to 79\">30 \u00e0 79<\/option>\n                <option value=\"80 to 199\">80 \u00e0 199<\/option>\n                <option value=\"200 to 499\">200 \u00e0 499<\/option>\n                <option value=\"500 to 999\">500 \u00e0 999<\/option>\n                <option value=\"more than 1000\">plus de 1000<\/option>\n            <\/select>\n        <\/div>\n\n        <div class=\"fields-box_title\">Informations personnelles<\/div>\n        <div class=\"field-form field-form_radio\">\n            <div class=\"field-form_title\">Titre<\/div>\n            <label for=\"reg_sex_male\"><input id=\"reg_sex_male\" type=\"radio\" required name=\"reg_sex\" value=\"male\" \/>M.<\/label>\n            <label for=\"reg_sex_female\"><input id=\"reg_sex_female\" type=\"radio\" required name=\"reg_sex\" value=\"female\" \/>Mme<\/label>\n        <\/div>\n        <div class=\"field-form\">\n            <label for=\"reg_first_name\">Pr\u00e9nom<\/label>\n            <input id=\"reg_first_name\" type=\"text\" required name=\"reg_first_name\">\n        <\/div>\n        <div class=\"field-form\">\n            <label for=\"reg_last_name\">Nom<\/label>\n            <input id=\"reg_last_name\" type=\"text\" required name=\"reg_last_name\">\n        <\/div>\n        <div class=\"field-form\">\n            <label for=\"reg_position\">Position<\/label>\n            <select id=\"reg_position\" class=\"\" name=\"reg_position\" data-ui=\"0\" data-ajax=\"0\" data-multiple=\"0\" data-placeholder=\"Select\" data-allow_null=\"0\">\n                <option value=\"Team Leader\">Chef d'\u00e9quipe<\/option>\n                <option value=\"Employee\">Employ\u00e9<\/option>\n                <option value=\"Business Manager\">Directeur<\/option>\n            <\/select>\n        <\/div>\n        <div class=\"field-form\">\n            <label for=\"reg_phone\">T\u00e9l\u00e9phone<\/label>\n            <input id=\"reg_phone\" type=\"text\" required name=\"reg_phone\">\n        <\/div>\n    <\/div>\n\n    <div class=\"fields-box\">\n        <div class=\"fields-box_title\">Compte d'utilisateur<\/div>\n        <div class=\"field-form\">\n            <label for=\"reg_email\">ID e-mail<\/label>\n            <input id=\"reg_email\" type=\"text\" name=\"reg_email\">\n        <\/div>\n        <div class=\"field-form\">\n            <label for=\"reg_password\">Mot de passe<\/label>\n            <input id=\"reg_password\" type=\"password\" name=\"reg_password\">\n        <\/div>\n    <\/div>\n\n    <div class=\"fields-box fields-box_protection\">\n        <div class=\"fields-box_title\">Protection des donn\u00e9es<\/div>\n        <p>La protection des donn\u00e9es est une question de confiance et votre confiance est importante pour nous. Nous respectons votre personnalit\u00e9 et votre vie priv\u00e9e. C'est pourquoi nous assurons la protection et le traitement conforme \u00e0 la loi de vos donn\u00e9es personnelles.        <\/p>\n        <div class=\"field-wrapper\">\n            <input id=\"reg_terms\" type=\"checkbox\" required value=\"Yes\" name=\"agree_terms\">\n            <label for=\"reg_terms\">\n                <span>Oui, j'accepte les <a href=\"https:\/\/b2b.airtec-energie.ch\/fr\/privacy-policy\/\" target=\"_blank\">conditions g\u00e9n\u00e9rales de vente<\/a>.                <\/span>\n            <\/label>\n        <\/div>\n    <\/div>\n\n    <div class=\"field-form_submit\">\n        <input class=\"submit_button btn btn-primary\" type=\"submit\" value=\"S'inscrire\" name=\"submit\">\n    <\/div>\n    <p class=\"status\"><\/p>\n    <div class=\"field-form_login\">\n        Vous avez d\u00e9j\u00e0 un compte? <a href=\"https:\/\/b2b.airtec-energie.ch\/fr\/login\/\">Connexion<\/a>\n    <\/div>\n    <input type=\"hidden\" id=\"security\" name=\"security\" value=\"e981a9477c\" \/><input type=\"hidden\" name=\"_wp_http_referer\" value=\"\/fr\/wp-json\/wp\/v2\/pages\/26614\" \/><\/form><\/p>\n","protected":false},"excerpt":{"rendered":"","protected":false},"author":40,"featured_media":0,"parent":0,"menu_order":0,"comment_status":"closed","ping_status":"closed","template":"page-reg.php","meta":{"footnotes":""},"class_list":["post-26614","page","type-page","status-publish","hentry"],"acf":[],"_links":{"self":[{"href":"https:\/\/b2b.airtec-energie.ch\/fr\/wp-json\/wp\/v2\/pages\/26614","targetHints":{"allow":["GET"]}}],"collection":[{"href":"https:\/\/b2b.airtec-energie.ch\/fr\/wp-json\/wp\/v2\/pages"}],"about":[{"href":"https:\/\/b2b.airtec-energie.ch\/fr\/wp-json\/wp\/v2\/types\/page"}],"author":[{"embeddable":true,"href":"https:\/\/b2b.airtec-energie.ch\/fr\/wp-json\/wp\/v2\/users\/40"}],"replies":[{"embeddable":true,"href":"https:\/\/b2b.airtec-energie.ch\/fr\/wp-json\/wp\/v2\/comments?post=26614"}],"version-history":[{"count":0,"href":"https:\/\/b2b.airtec-energie.ch\/fr\/wp-json\/wp\/v2\/pages\/26614\/revisions"}],"wp:attachment":[{"href":"https:\/\/b2b.airtec-energie.ch\/fr\/wp-json\/wp\/v2\/media?parent=26614"}],"curies":[{"name":"wp","href":"https:\/\/api.w.org\/{rel}","templated":true}]}}